{"id":2649,"date":"2024-05-03T10:21:42","date_gmt":"2024-05-03T08:21:42","guid":{"rendered":"https:\/\/www.advtechdays.com\/impressum\/"},"modified":"2025-03-27T18:12:15","modified_gmt":"2025-03-27T16:12:15","slug":"impressum","status":"publish","type":"page","link":"https:\/\/www.advtechdays.com\/en\/impressum\/","title":{"rendered":"Impressum"},"content":{"rendered":"\t\t<div data-elementor-type=\"wp-page\" data-elementor-id=\"2649\" class=\"elementor elementor-2649 elementor-2281\" data-elementor-post-type=\"page\">\n\t\t\t\t\t\t<section class=\"elementor-section elementor-top-section elementor-element elementor-element-b22bceb elementor-section-boxed elementor-section-height-default elementor-section-height-default\" data-id=\"b22bceb\" data-element_type=\"section\" data-e-type=\"section\" data-settings=\"{&quot;jet_parallax_layout_list&quot;:[]}\">\n\t\t\t\t\t\t<div class=\"elementor-container elementor-column-gap-default\">\n\t\t\t\t\t<div class=\"elementor-column elementor-col-100 elementor-top-column elementor-element elementor-element-01dcbe9\" data-id=\"01dcbe9\" data-element_type=\"column\" data-e-type=\"column\">\n\t\t\t<div class=\"elementor-widget-wrap elementor-element-populated\">\n\t\t\t\t\t\t<div class=\"elementor-element elementor-element-5570f0b elementor-widget elementor-widget-heading\" data-id=\"5570f0b\" data-element_type=\"widget\" data-e-type=\"widget\" data-widget_type=\"heading.default\">\n\t\t\t\t<div class=\"elementor-widget-container\">\n\t\t\t\t\t<h2 class=\"elementor-heading-title elementor-size-default\">Impressum<\/h2>\t\t\t\t<\/div>\n\t\t\t\t<\/div>\n\t\t\t\t\t<\/div>\n\t\t<\/div>\n\t\t\t\t\t<\/div>\n\t\t<\/section>\n\t\t\t\t<section class=\"elementor-section elementor-top-section elementor-element elementor-element-1192bbd elementor-section-boxed elementor-section-height-default elementor-section-height-default\" data-id=\"1192bbd\" data-element_type=\"section\" data-e-type=\"section\" data-settings=\"{&quot;jet_parallax_layout_list&quot;:[]}\">\n\t\t\t\t\t\t<div class=\"elementor-container elementor-column-gap-default\">\n\t\t\t\t\t<div class=\"elementor-column elementor-col-100 elementor-top-column elementor-element elementor-element-4ba4b01\" data-id=\"4ba4b01\" data-element_type=\"column\" data-e-type=\"column\">\n\t\t\t<div class=\"elementor-widget-wrap elementor-element-populated\">\n\t\t\t\t\t\t<div class=\"elementor-element elementor-element-cb4693f elementor-widget elementor-widget-text-editor\" data-id=\"cb4693f\" data-element_type=\"widget\" data-e-type=\"widget\" data-widget_type=\"text-editor.default\">\n\t\t\t\t<div class=\"elementor-widget-container\">\n\t\t\t\t\t\t\t\t\t<p><strong><span class=\"notion-enable-hover\" data-token-index=\"0\">Mosaic Group Ltd.<\/span> <\/strong><\/p><p>Slavonska avenija 6\/2, 10000 Zagreb<\/p><p>OIB: 05023637607<\/p><p>Email: <a class=\"notion-link-token notion-focusable-token notion-enable-hover\" tabindex=\"0\" href=\"mailto:info@mozaik-grupa.hr\" rel=\"noopener noreferrer\" data-token-index=\"2\"><span class=\"link-annotation-unknown-block-id--1404875691\">info@mozaik-grupa.hr<\/span><\/a><\/p><p>Commercial Court in Zagreb, MBS: 2059860<\/p><p>Director: Tea Krpan<\/p><p>Share capital: 2,654.46 euros paid in full Addiko Bank dd, Zagreb, IBAN: HR60 2500 0091 1013 5046 3<\/p><p> <\/p><p><strong>Unitfly doo<\/strong><\/p><p>Josipa Juraj Strossmayer 341, 31000 Osijek<\/p><p>OIB: 88231404130<\/p><p>Phone: +385 (0) 97 6834 345<\/p><p>Email: <a href=\"mailto:info@unitfly.com\"><span class=\"s2\">info@unitfly.com<\/span><\/a><\/p><p>Commercial Court in Osijek, MBS: 030188060<\/p><p>Director: Ivan Markovi\u0107<\/p><p>Basic capital: \u20ac3,000, paid in full.<\/p><p>Privredna Banka Zagreb dd, IBAN: HR5123400091110865718<\/p><p> <\/p><p><strong><span class=\"s2\">Nephos doo<\/span><\/strong><\/p><p>Antuna Bauera 25, 10000 Zagreb<\/p><p>OIB: 45593438856<\/p><p>Phone: +385 1 2992 909<\/p><p>Email: <a href=\"mailto:info@nephos.eu\"><span class=\"s3\">info@nephos.eu<\/span><\/a><\/p><p>Commercial Court in Zagreb, MBS: 081002006<\/p><p>Directors: Bojan Had\u017eisejdi\u0107, Tomislav Tipuri\u0107<\/p><p>Basic capital: \u20ac3,200, paid in full.<\/p><p>KENTBANK, IBAN: HR5241240031129001126<\/p>\t\t\t\t\t\t\t\t<\/div>\n\t\t\t\t<\/div>\n\t\t\t\t\t<\/div>\n\t\t<\/div>\n\t\t\t\t\t<\/div>\n\t\t<\/section>\n\t\t\t\t<\/div>\n\t\t","protected":false},"excerpt":{"rendered":"<p>Impressum Mosaic Group Ltd. Slavonska avenija 6\/2, 10000 Zagreb OIB: 05023637607 Email: info@mozaik-grupa.hr Commercial Court in Zagreb, MBS: 2059860 Director: Tea Krpan Share capital: 2,654.46 euros paid in full Addiko Bank dd, Zagreb, IBAN: HR60 2500 0091 1013 5046 3 Unitfly doo Josipa Juraj Strossmayer 341, 31000 Osijek OIB: 88231404130 Phone: +385 (0) 97 6834 [&hellip;]<\/p>\n","protected":false},"author":1,"featured_media":0,"parent":0,"menu_order":0,"comment_status":"closed","ping_status":"closed","template":"","meta":{"_acf_changed":false,"footnotes":""},"class_list":["post-2649","page","type-page","status-publish","hentry"],"acf":[],"yoast_head":"<!-- This site is optimized with the Yoast SEO plugin v27.4 - https:\/\/yoast.com\/product\/yoast-seo-wordpress\/ -->\n<title>Impressum - Advanced Technology Days 21<\/title>\n<meta name=\"robots\" content=\"index, follow, max-snippet:-1, max-image-preview:large, max-video-preview:-1\" \/>\n<link rel=\"canonical\" href=\"https:\/\/www.advtechdays.com\/en\/impressum\/\" \/>\n<meta property=\"og:locale\" content=\"en_US\" \/>\n<meta property=\"og:type\" content=\"article\" \/>\n<meta property=\"og:title\" content=\"Impressum - Advanced Technology Days 21\" \/>\n<meta property=\"og:description\" content=\"Impressum Mosaic Group Ltd. Slavonska avenija 6\/2, 10000 Zagreb OIB: 05023637607 Email: info@mozaik-grupa.hr Commercial Court in Zagreb, MBS: 2059860 Director: Tea Krpan Share capital: 2,654.46 euros paid in full Addiko Bank dd, Zagreb, IBAN: HR60 2500 0091 1013 5046 3 Unitfly doo Josipa Juraj Strossmayer 341, 31000 Osijek OIB: 88231404130 Phone: +385 (0) 97 6834 [&hellip;]\" \/>\n<meta property=\"og:url\" content=\"https:\/\/www.advtechdays.com\/en\/impressum\/\" \/>\n<meta property=\"og:site_name\" content=\"Advanced Technology Days 21\" \/>\n<meta property=\"article:modified_time\" content=\"2025-03-27T16:12:15+00:00\" \/>\n<meta name=\"twitter:card\" content=\"summary_large_image\" \/>\n<script type=\"application\/ld+json\" class=\"yoast-schema-graph\">{\"@context\":\"https:\\\/\\\/schema.org\",\"@graph\":[{\"@type\":\"WebPage\",\"@id\":\"https:\\\/\\\/www.advtechdays.com\\\/en\\\/impressum\\\/\",\"url\":\"https:\\\/\\\/www.advtechdays.com\\\/en\\\/impressum\\\/\",\"name\":\"Impressum - Advanced Technology Days 21\",\"isPartOf\":{\"@id\":\"https:\\\/\\\/www.advtechdays.com\\\/#website\"},\"datePublished\":\"2024-05-03T08:21:42+00:00\",\"dateModified\":\"2025-03-27T16:12:15+00:00\",\"breadcrumb\":{\"@id\":\"https:\\\/\\\/www.advtechdays.com\\\/en\\\/impressum\\\/#breadcrumb\"},\"inLanguage\":\"en-US\",\"potentialAction\":[{\"@type\":\"ReadAction\",\"target\":[\"https:\\\/\\\/www.advtechdays.com\\\/en\\\/impressum\\\/\"]}]},{\"@type\":\"BreadcrumbList\",\"@id\":\"https:\\\/\\\/www.advtechdays.com\\\/en\\\/impressum\\\/#breadcrumb\",\"itemListElement\":[{\"@type\":\"ListItem\",\"position\":1,\"name\":\"Home\",\"item\":\"https:\\\/\\\/www.advtechdays.com\\\/en\\\/home\\\/\"},{\"@type\":\"ListItem\",\"position\":2,\"name\":\"Impressum\"}]},{\"@type\":\"WebSite\",\"@id\":\"https:\\\/\\\/www.advtechdays.com\\\/#website\",\"url\":\"https:\\\/\\\/www.advtechdays.com\\\/\",\"name\":\"Advanced Technology Days 21\",\"description\":\"3.-4.11.2026.\",\"potentialAction\":[{\"@type\":\"SearchAction\",\"target\":{\"@type\":\"EntryPoint\",\"urlTemplate\":\"https:\\\/\\\/www.advtechdays.com\\\/?s={search_term_string}\"},\"query-input\":{\"@type\":\"PropertyValueSpecification\",\"valueRequired\":true,\"valueName\":\"search_term_string\"}}],\"inLanguage\":\"en-US\"}]}<\/script>\n<!-- \/ Yoast SEO plugin. -->","yoast_head_json":{"title":"Impressum - Advanced Technology Days 21","robots":{"index":"index","follow":"follow","max-snippet":"max-snippet:-1","max-image-preview":"max-image-preview:large","max-video-preview":"max-video-preview:-1"},"canonical":"https:\/\/www.advtechdays.com\/en\/impressum\/","og_locale":"en_US","og_type":"article","og_title":"Impressum - Advanced Technology Days 21","og_description":"Impressum Mosaic Group Ltd. Slavonska avenija 6\/2, 10000 Zagreb OIB: 05023637607 Email: info@mozaik-grupa.hr Commercial Court in Zagreb, MBS: 2059860 Director: Tea Krpan Share capital: 2,654.46 euros paid in full Addiko Bank dd, Zagreb, IBAN: HR60 2500 0091 1013 5046 3 Unitfly doo Josipa Juraj Strossmayer 341, 31000 Osijek OIB: 88231404130 Phone: +385 (0) 97 6834 [&hellip;]","og_url":"https:\/\/www.advtechdays.com\/en\/impressum\/","og_site_name":"Advanced Technology Days 21","article_modified_time":"2025-03-27T16:12:15+00:00","twitter_card":"summary_large_image","schema":{"@context":"https:\/\/schema.org","@graph":[{"@type":"WebPage","@id":"https:\/\/www.advtechdays.com\/en\/impressum\/","url":"https:\/\/www.advtechdays.com\/en\/impressum\/","name":"Impressum - Advanced Technology Days 21","isPartOf":{"@id":"https:\/\/www.advtechdays.com\/#website"},"datePublished":"2024-05-03T08:21:42+00:00","dateModified":"2025-03-27T16:12:15+00:00","breadcrumb":{"@id":"https:\/\/www.advtechdays.com\/en\/impressum\/#breadcrumb"},"inLanguage":"en-US","potentialAction":[{"@type":"ReadAction","target":["https:\/\/www.advtechdays.com\/en\/impressum\/"]}]},{"@type":"BreadcrumbList","@id":"https:\/\/www.advtechdays.com\/en\/impressum\/#breadcrumb","itemListElement":[{"@type":"ListItem","position":1,"name":"Home","item":"https:\/\/www.advtechdays.com\/en\/home\/"},{"@type":"ListItem","position":2,"name":"Impressum"}]},{"@type":"WebSite","@id":"https:\/\/www.advtechdays.com\/#website","url":"https:\/\/www.advtechdays.com\/","name":"Advanced Technology Days 21","description":"3.-4.11.2026.","potentialAction":[{"@type":"SearchAction","target":{"@type":"EntryPoint","urlTemplate":"https:\/\/www.advtechdays.com\/?s={search_term_string}"},"query-input":{"@type":"PropertyValueSpecification","valueRequired":true,"valueName":"search_term_string"}}],"inLanguage":"en-US"}]}},"_links":{"self":[{"href":"https:\/\/www.advtechdays.com\/en\/wp-json\/wp\/v2\/pages\/2649","targetHints":{"allow":["GET"]}}],"collection":[{"href":"https:\/\/www.advtechdays.com\/en\/wp-json\/wp\/v2\/pages"}],"about":[{"href":"https:\/\/www.advtechdays.com\/en\/wp-json\/wp\/v2\/types\/page"}],"author":[{"embeddable":true,"href":"https:\/\/www.advtechdays.com\/en\/wp-json\/wp\/v2\/users\/1"}],"replies":[{"embeddable":true,"href":"https:\/\/www.advtechdays.com\/en\/wp-json\/wp\/v2\/comments?post=2649"}],"version-history":[{"count":10,"href":"https:\/\/www.advtechdays.com\/en\/wp-json\/wp\/v2\/pages\/2649\/revisions"}],"predecessor-version":[{"id":3162,"href":"https:\/\/www.advtechdays.com\/en\/wp-json\/wp\/v2\/pages\/2649\/revisions\/3162"}],"wp:attachment":[{"href":"https:\/\/www.advtechdays.com\/en\/wp-json\/wp\/v2\/media?parent=2649"}],"curies":[{"name":"wp","href":"https:\/\/api.w.org\/{rel}","templated":true}]}}